{"id":59,"date":"2020-06-11T11:06:16","date_gmt":"2020-06-11T09:06:16","guid":{"rendered":"https:\/\/melvyn-perard.me\/?page_id=59"},"modified":"2023-10-24T14:15:07","modified_gmt":"2023-10-24T12:15:07","slug":"competences","status":"publish","type":"page","link":"https:\/\/melvyn-perard.me\/en\/competences\/","title":{"rendered":"Mon bagage technique"},"content":{"rendered":"<div data-elementor-type=\"wp-page\" data-elementor-id=\"59\" class=\"elementor elementor-59\">\n\t\t\t\t\t\t\t\t\t<section class=\"elementor-section elementor-top-section elementor-element elementor-element-f410ebb elementor-section-boxed elementor-section-height-default elementor-section-height-default\" data-id=\"f410ebb\" data-element_type=\"section\">\n\t\t\t\t\t\t<div class=\"elementor-container elementor-column-gap-default\">\n\t\t\t\t\t<div class=\"elementor-column elementor-col-33 elementor-top-column elementor-element elementor-element-9d5e126\" data-id=\"9d5e126\" data-element_type=\"column\">\n\t\t\t<div class=\"elementor-widget-wrap elementor-element-populated\">\n\t\t\t\t\t\t\t\t<div class=\"elementor-element elementor-element-d479be0 elementor-widget elementor-widget-heading\" data-id=\"d479be0\" data-element_type=\"widget\" data-widget_type=\"heading.default\">\n\t\t\t\t<div class=\"elementor-widget-container\">\n\t\t\t<h1 class=\"elementor-heading-title elementor-size-default\">Comp\u00e9tences logiciels<\/h1>\t\t<\/div>\n\t\t\t\t<\/div>\n\t\t\t\t<div class=\"elementor-element elementor-element-d995b08 elementor-widget elementor-widget-wezen-block-title\" data-id=\"d995b08\" data-element_type=\"widget\" data-settings=\"{&quot;_animation&quot;:&quot;none&quot;}\" data-widget_type=\"wezen-block-title.default\">\n\t\t\t\t<div class=\"elementor-widget-container\">\n\t\t\t<div class=\"block-title\"><h2>Conception 3D CAD<\/h2><\/div>\t\t<\/div>\n\t\t\t\t<\/div>\n\t\t\t\t<div class=\"elementor-element elementor-element-34db047 elementor-widget elementor-widget-wezen-knowledges\" data-id=\"34db047\" data-element_type=\"widget\" data-widget_type=\"wezen-knowledges.default\">\n\t\t\t\t<div class=\"elementor-widget-container\">\n\t\t\t\r\n\t\t<ul class=\"knowledges\">\r\n\t        \t\t\t\t<li>Autodesk Fusion360<\/li>\r\n\t\t\t\t\t\t\t<li>Solidworks<\/li>\r\n\t\t\t      \t<\/ul>\r\n        \t\t<\/div>\n\t\t\t\t<\/div>\n\t\t\t\t<div class=\"elementor-element elementor-element-0f5d757 elementor-widget elementor-widget-spacer\" data-id=\"0f5d757\" data-element_type=\"widget\" data-widget_type=\"spacer.default\">\n\t\t\t\t<div class=\"elementor-widget-container\">\n\t\t\t\t\t<div class=\"elementor-spacer\">\n\t\t\t<div class=\"elementor-spacer-inner\"><\/div>\n\t\t<\/div>\n\t\t\t\t<\/div>\n\t\t\t\t<\/div>\n\t\t\t\t<div class=\"elementor-element elementor-element-b57acbc elementor-widget elementor-widget-wezen-block-title\" data-id=\"b57acbc\" data-element_type=\"widget\" data-settings=\"{&quot;_animation&quot;:&quot;none&quot;}\" data-widget_type=\"wezen-block-title.default\">\n\t\t\t\t<div class=\"elementor-widget-container\">\n\t\t\t<div class=\"block-title\"><h2>Conception 3D organique<\/h2><\/div>\t\t<\/div>\n\t\t\t\t<\/div>\n\t\t\t\t<div class=\"elementor-element elementor-element-26ccf85 elementor-widget elementor-widget-wezen-knowledges\" data-id=\"26ccf85\" data-element_type=\"widget\" data-widget_type=\"wezen-knowledges.default\">\n\t\t\t\t<div class=\"elementor-widget-container\">\n\t\t\t\r\n\t\t<ul class=\"knowledges\">\r\n\t        \t\t\t\t<li>ZBrush<\/li>\r\n\t\t\t      \t<\/ul>\r\n        \t\t<\/div>\n\t\t\t\t<\/div>\n\t\t\t\t<div class=\"elementor-element elementor-element-e158896 elementor-widget elementor-widget-spacer\" data-id=\"e158896\" data-element_type=\"widget\" data-widget_type=\"spacer.default\">\n\t\t\t\t<div class=\"elementor-widget-container\">\n\t\t\t\t\t<div class=\"elementor-spacer\">\n\t\t\t<div class=\"elementor-spacer-inner\"><\/div>\n\t\t<\/div>\n\t\t\t\t<\/div>\n\t\t\t\t<\/div>\n\t\t\t\t<div class=\"elementor-element elementor-element-45c8d95 elementor-widget elementor-widget-wezen-block-title\" data-id=\"45c8d95\" data-element_type=\"widget\" data-settings=\"{&quot;_animation&quot;:&quot;none&quot;}\" data-widget_type=\"wezen-block-title.default\">\n\t\t\t\t<div class=\"elementor-widget-container\">\n\t\t\t<div class=\"block-title\"><h2>Electronic Design<\/h2><\/div>\t\t<\/div>\n\t\t\t\t<\/div>\n\t\t\t\t<div class=\"elementor-element elementor-element-6330273 elementor-widget elementor-widget-wezen-knowledges\" data-id=\"6330273\" data-element_type=\"widget\" data-widget_type=\"wezen-knowledges.default\">\n\t\t\t\t<div class=\"elementor-widget-container\">\n\t\t\t\r\n\t\t<ul class=\"knowledges\">\r\n\t        \t\t\t\t<li>Altium Designer<\/li>\r\n\t\t\t\t\t\t\t<li>Proteus ISIS\/ARES<\/li>\r\n\t\t\t      \t<\/ul>\r\n        \t\t<\/div>\n\t\t\t\t<\/div>\n\t\t\t\t<div class=\"elementor-element elementor-element-456b794 elementor-widget elementor-widget-spacer\" data-id=\"456b794\" data-element_type=\"widget\" data-widget_type=\"spacer.default\">\n\t\t\t\t<div class=\"elementor-widget-container\">\n\t\t\t\t\t<div class=\"elementor-spacer\">\n\t\t\t<div class=\"elementor-spacer-inner\"><\/div>\n\t\t<\/div>\n\t\t\t\t<\/div>\n\t\t\t\t<\/div>\n\t\t\t\t<div class=\"elementor-element elementor-element-5576fba elementor-widget elementor-widget-wezen-block-title\" data-id=\"5576fba\" data-element_type=\"widget\" data-settings=\"{&quot;_animation&quot;:&quot;none&quot;}\" data-widget_type=\"wezen-block-title.default\">\n\t\t\t\t<div class=\"elementor-widget-container\">\n\t\t\t<div class=\"block-title\"><h2>Simulation Electronique<\/h2><\/div>\t\t<\/div>\n\t\t\t\t<\/div>\n\t\t\t\t<div class=\"elementor-element elementor-element-4adfcfd elementor-widget elementor-widget-wezen-knowledges\" data-id=\"4adfcfd\" data-element_type=\"widget\" data-widget_type=\"wezen-knowledges.default\">\n\t\t\t\t<div class=\"elementor-widget-container\">\n\t\t\t\r\n\t\t<ul class=\"knowledges\">\r\n\t        \t\t\t\t<li>LTSpice<\/li>\r\n\t\t\t\t\t\t\t<li>Wokwi<\/li>\r\n\t\t\t      \t<\/ul>\r\n        \t\t<\/div>\n\t\t\t\t<\/div>\n\t\t\t\t<div class=\"elementor-element elementor-element-b2dc545 elementor-widget elementor-widget-spacer\" data-id=\"b2dc545\" data-element_type=\"widget\" data-widget_type=\"spacer.default\">\n\t\t\t\t<div class=\"elementor-widget-container\">\n\t\t\t\t\t<div class=\"elementor-spacer\">\n\t\t\t<div class=\"elementor-spacer-inner\"><\/div>\n\t\t<\/div>\n\t\t\t\t<\/div>\n\t\t\t\t<\/div>\n\t\t\t\t<div class=\"elementor-element elementor-element-9fca2e4 elementor-widget elementor-widget-wezen-block-title\" data-id=\"9fca2e4\" data-element_type=\"widget\" data-settings=\"{&quot;_animation&quot;:&quot;none&quot;}\" data-widget_type=\"wezen-block-title.default\">\n\t\t\t\t<div class=\"elementor-widget-container\">\n\t\t\t<div class=\"block-title\"><h2>Programmation<\/h2><\/div>\t\t<\/div>\n\t\t\t\t<\/div>\n\t\t\t\t<div class=\"elementor-element elementor-element-b70320e elementor-widget elementor-widget-wezen-knowledges\" data-id=\"b70320e\" data-element_type=\"widget\" data-widget_type=\"wezen-knowledges.default\">\n\t\t\t\t<div class=\"elementor-widget-container\">\n\t\t\t\r\n\t\t<ul class=\"knowledges\">\r\n\t        \t\t\t\t<li>Python<\/li>\r\n\t\t\t\t\t\t\t<li>C Arduino<\/li>\r\n\t\t\t\t\t\t\t<li>C++<\/li>\r\n\t\t\t\t\t\t\t<li>C<\/li>\r\n\t\t\t\t\t\t\t<li>NodeRED<\/li>\r\n\t\t\t      \t<\/ul>\r\n        \t\t<\/div>\n\t\t\t\t<\/div>\n\t\t\t\t<div class=\"elementor-element elementor-element-59c9ca5 elementor-widget elementor-widget-spacer\" data-id=\"59c9ca5\" data-element_type=\"widget\" data-widget_type=\"spacer.default\">\n\t\t\t\t<div class=\"elementor-widget-container\">\n\t\t\t\t\t<div class=\"elementor-spacer\">\n\t\t\t<div class=\"elementor-spacer-inner\"><\/div>\n\t\t<\/div>\n\t\t\t\t<\/div>\n\t\t\t\t<\/div>\n\t\t\t\t<div class=\"elementor-element elementor-element-89affb2 elementor-widget elementor-widget-wezen-block-title\" data-id=\"89affb2\" data-element_type=\"widget\" data-settings=\"{&quot;_animation&quot;:&quot;none&quot;}\" data-widget_type=\"wezen-block-title.default\">\n\t\t\t\t<div class=\"elementor-widget-container\">\n\t\t\t<div class=\"block-title\"><h2>Visual modeling<\/h2><\/div>\t\t<\/div>\n\t\t\t\t<\/div>\n\t\t\t\t<div class=\"elementor-element elementor-element-69d3e47 elementor-widget elementor-widget-wezen-knowledges\" data-id=\"69d3e47\" data-element_type=\"widget\" data-widget_type=\"wezen-knowledges.default\">\n\t\t\t\t<div class=\"elementor-widget-container\">\n\t\t\t\r\n\t\t<ul class=\"knowledges\">\r\n\t        \t\t\t\t<li>DrawIO<\/li>\r\n\t\t\t      \t<\/ul>\r\n        \t\t<\/div>\n\t\t\t\t<\/div>\n\t\t\t\t<div class=\"elementor-element elementor-element-b761812 elementor-widget elementor-widget-spacer\" data-id=\"b761812\" data-element_type=\"widget\" data-widget_type=\"spacer.default\">\n\t\t\t\t<div class=\"elementor-widget-container\">\n\t\t\t\t\t<div class=\"elementor-spacer\">\n\t\t\t<div class=\"elementor-spacer-inner\"><\/div>\n\t\t<\/div>\n\t\t\t\t<\/div>\n\t\t\t\t<\/div>\n\t\t\t\t<div class=\"elementor-element elementor-element-c498878 elementor-widget elementor-widget-wezen-block-title\" data-id=\"c498878\" data-element_type=\"widget\" data-settings=\"{&quot;_animation&quot;:&quot;none&quot;}\" data-widget_type=\"wezen-block-title.default\">\n\t\t\t\t<div class=\"elementor-widget-container\">\n\t\t\t<div class=\"block-title\"><h2>Bureautique<\/h2><\/div>\t\t<\/div>\n\t\t\t\t<\/div>\n\t\t\t\t<div class=\"elementor-element elementor-element-6e86200 elementor-widget elementor-widget-wezen-knowledges\" data-id=\"6e86200\" data-element_type=\"widget\" data-widget_type=\"wezen-knowledges.default\">\n\t\t\t\t<div class=\"elementor-widget-container\">\n\t\t\t\r\n\t\t<ul class=\"knowledges\">\r\n\t        \t\t\t\t<li>Suite MS Office<\/li>\r\n\t\t\t\t\t\t\t<li>Adobe Acrobat<\/li>\r\n\t\t\t      \t<\/ul>\r\n        \t\t<\/div>\n\t\t\t\t<\/div>\n\t\t\t\t<div class=\"elementor-element elementor-element-d0e5f53 elementor-widget elementor-widget-spacer\" data-id=\"d0e5f53\" data-element_type=\"widget\" data-widget_type=\"spacer.default\">\n\t\t\t\t<div class=\"elementor-widget-container\">\n\t\t\t\t\t<div class=\"elementor-spacer\">\n\t\t\t<div class=\"elementor-spacer-inner\"><\/div>\n\t\t<\/div>\n\t\t\t\t<\/div>\n\t\t\t\t<\/div>\n\t\t\t\t<div class=\"elementor-element elementor-element-1c07889 elementor-widget elementor-widget-wezen-block-title\" data-id=\"1c07889\" data-element_type=\"widget\" data-settings=\"{&quot;_animation&quot;:&quot;none&quot;}\" data-widget_type=\"wezen-block-title.default\">\n\t\t\t\t<div class=\"elementor-widget-container\">\n\t\t\t<div class=\"block-title\"><h2>Illustration <\/h2><\/div>\t\t<\/div>\n\t\t\t\t<\/div>\n\t\t\t\t<div class=\"elementor-element elementor-element-c90638c elementor-widget elementor-widget-wezen-knowledges\" data-id=\"c90638c\" data-element_type=\"widget\" data-widget_type=\"wezen-knowledges.default\">\n\t\t\t\t<div class=\"elementor-widget-container\">\n\t\t\t\r\n\t\t<ul class=\"knowledges\">\r\n\t        \t\t\t\t<li>Adobe Illustrator<\/li>\r\n\t\t\t      \t<\/ul>\r\n        \t\t<\/div>\n\t\t\t\t<\/div>\n\t\t\t\t<div class=\"elementor-element elementor-element-a5f15c2 elementor-widget elementor-widget-spacer\" data-id=\"a5f15c2\" data-element_type=\"widget\" data-widget_type=\"spacer.default\">\n\t\t\t\t<div class=\"elementor-widget-container\">\n\t\t\t\t\t<div class=\"elementor-spacer\">\n\t\t\t<div class=\"elementor-spacer-inner\"><\/div>\n\t\t<\/div>\n\t\t\t\t<\/div>\n\t\t\t\t<\/div>\n\t\t\t\t<div class=\"elementor-element elementor-element-26cbef2 elementor-widget elementor-widget-wezen-block-title\" data-id=\"26cbef2\" data-element_type=\"widget\" data-settings=\"{&quot;_animation&quot;:&quot;none&quot;}\" data-widget_type=\"wezen-block-title.default\">\n\t\t\t\t<div class=\"elementor-widget-container\">\n\t\t\t<div class=\"block-title\"><h2>Photos<\/h2><\/div>\t\t<\/div>\n\t\t\t\t<\/div>\n\t\t\t\t<div class=\"elementor-element elementor-element-3308b42 elementor-widget elementor-widget-wezen-knowledges\" data-id=\"3308b42\" data-element_type=\"widget\" data-widget_type=\"wezen-knowledges.default\">\n\t\t\t\t<div class=\"elementor-widget-container\">\n\t\t\t\r\n\t\t<ul class=\"knowledges\">\r\n\t        \t\t\t\t<li>Adobe Photoshop<\/li>\r\n\t\t\t      \t<\/ul>\r\n        \t\t<\/div>\n\t\t\t\t<\/div>\n\t\t\t\t<div class=\"elementor-element elementor-element-8f025c0 elementor-widget elementor-widget-spacer\" data-id=\"8f025c0\" data-element_type=\"widget\" data-widget_type=\"spacer.default\">\n\t\t\t\t<div class=\"elementor-widget-container\">\n\t\t\t\t\t<div class=\"elementor-spacer\">\n\t\t\t<div class=\"elementor-spacer-inner\"><\/div>\n\t\t<\/div>\n\t\t\t\t<\/div>\n\t\t\t\t<\/div>\n\t\t\t\t\t<\/div>\n\t\t<\/div>\n\t\t\t\t<div class=\"elementor-column elementor-col-33 elementor-top-column elementor-element elementor-element-636b6c4\" data-id=\"636b6c4\" data-element_type=\"column\">\n\t\t\t<div class=\"elementor-widget-wrap\">\n\t\t\t\t\t\t\t\t\t<\/div>\n\t\t<\/div>\n\t\t\t\t<div class=\"elementor-column elementor-col-33 elementor-top-column elementor-element elementor-element-462def4\" data-id=\"462def4\" data-element_type=\"column\" id=\"sec1\">\n\t\t\t<div class=\"elementor-widget-wrap elementor-element-populated\">\n\t\t\t\t\t\t\t\t<div class=\"elementor-element elementor-element-c005981 elementor-widget elementor-widget-heading\" data-id=\"c005981\" data-element_type=\"widget\" data-widget_type=\"heading.default\">\n\t\t\t\t<div class=\"elementor-widget-container\">\n\t\t\t<h1 class=\"elementor-heading-title elementor-size-default\">Comp\u00e9tences techniques<\/h1>\t\t<\/div>\n\t\t\t\t<\/div>\n\t\t\t\t<div class=\"elementor-element elementor-element-e873d6e elementor-widget elementor-widget-wezen-block-title\" data-id=\"e873d6e\" data-element_type=\"widget\" data-settings=\"{&quot;_animation&quot;:&quot;none&quot;}\" data-widget_type=\"wezen-block-title.default\">\n\t\t\t\t<div class=\"elementor-widget-container\">\n\t\t\t<div class=\"block-title\"><h2>Cr\u00e9ation de PCB<\/h2><\/div>\t\t<\/div>\n\t\t\t\t<\/div>\n\t\t\t\t<div class=\"elementor-element elementor-element-25b6c48 elementor-widget elementor-widget-text-editor\" data-id=\"25b6c48\" data-element_type=\"widget\" data-widget_type=\"text-editor.default\">\n\t\t\t\t<div class=\"elementor-widget-container\">\n\t\t\t\t\t\t\t<ul><li>Routage de PCB \u00e0 partir<\/li><li>Cr\u00e9ation d&rsquo;une sch\u00e9matique \u00e9lectronique \u00e0 partir d&rsquo;exigences\u00a0<\/li><\/ul>\t\t\t\t\t\t<\/div>\n\t\t\t\t<\/div>\n\t\t\t\t<div class=\"elementor-element elementor-element-8064935 elementor-widget elementor-widget-wezen-block-title\" data-id=\"8064935\" data-element_type=\"widget\" data-settings=\"{&quot;_animation&quot;:&quot;none&quot;}\" data-widget_type=\"wezen-block-title.default\">\n\t\t\t\t<div class=\"elementor-widget-container\">\n\t\t\t<div class=\"block-title\"><h2>Etude RAO<\/h2><\/div>\t\t<\/div>\n\t\t\t\t<\/div>\n\t\t\t\t<div class=\"elementor-element elementor-element-34c1fc5 elementor-widget elementor-widget-text-editor\" data-id=\"34c1fc5\" data-element_type=\"widget\" data-widget_type=\"text-editor.default\">\n\t\t\t\t<div class=\"elementor-widget-container\">\n\t\t\t\t\t\t\t<ul><li>Capacit\u00e9 \u00e0 v\u00e9rifier la faisabilit\u00e9 d&rsquo;exigences clients<\/li><li>R\u00e9alisation d&rsquo;un sch\u00e9ma d&rsquo;ensemble du syst\u00e8me<\/li><\/ul>\t\t\t\t\t\t<\/div>\n\t\t\t\t<\/div>\n\t\t\t\t<div class=\"elementor-element elementor-element-be59e7e elementor-widget elementor-widget-wezen-block-title\" data-id=\"be59e7e\" data-element_type=\"widget\" data-settings=\"{&quot;_animation&quot;:&quot;none&quot;}\" data-widget_type=\"wezen-block-title.default\">\n\t\t\t\t<div class=\"elementor-widget-container\">\n\t\t\t<div class=\"block-title\"><h2>Analyse de protocoles de communication \u00e9lectronique<\/h2><\/div>\t\t<\/div>\n\t\t\t\t<\/div>\n\t\t\t\t<div class=\"elementor-element elementor-element-ad9740f elementor-widget elementor-widget-wezen-knowledges\" data-id=\"ad9740f\" data-element_type=\"widget\" data-widget_type=\"wezen-knowledges.default\">\n\t\t\t\t<div class=\"elementor-widget-container\">\n\t\t\t\r\n\t\t<ul class=\"knowledges\">\r\n\t        \t\t\t\t<li>I2C<\/li>\r\n\t\t\t\t\t\t\t<li>SPI<\/li>\r\n\t\t\t\t\t\t\t<li>DMX512<\/li>\r\n\t\t\t\t\t\t\t<li>BusCAN<\/li>\r\n\t\t\t\t\t\t\t<li>ModBUS<\/li>\r\n\t\t\t      \t<\/ul>\r\n        \t\t<\/div>\n\t\t\t\t<\/div>\n\t\t\t\t<div class=\"elementor-element elementor-element-c7e5db7 elementor-widget elementor-widget-spacer\" data-id=\"c7e5db7\" data-element_type=\"widget\" data-widget_type=\"spacer.default\">\n\t\t\t\t<div class=\"elementor-widget-container\">\n\t\t\t\t\t<div class=\"elementor-spacer\">\n\t\t\t<div class=\"elementor-spacer-inner\"><\/div>\n\t\t<\/div>\n\t\t\t\t<\/div>\n\t\t\t\t<\/div>\n\t\t\t\t<div class=\"elementor-element elementor-element-5f42974 elementor-widget elementor-widget-wezen-block-title\" data-id=\"5f42974\" data-element_type=\"widget\" data-settings=\"{&quot;_animation&quot;:&quot;none&quot;}\" data-widget_type=\"wezen-block-title.default\">\n\t\t\t\t<div class=\"elementor-widget-container\">\n\t\t\t<div class=\"block-title\"><h2>Conception num\u00e9rique<\/h2><\/div>\t\t<\/div>\n\t\t\t\t<\/div>\n\t\t\t\t<div class=\"elementor-element elementor-element-211bb6d elementor-widget elementor-widget-text-editor\" data-id=\"211bb6d\" data-element_type=\"widget\" data-widget_type=\"text-editor.default\">\n\t\t\t\t<div class=\"elementor-widget-container\">\n\t\t\t\t\t\t\t<ul><li>Conception de syst\u00e8mes en 3D<\/li><li>Pr\u00e9paration logiciel \u00e0 l&rsquo;usinage sur fraiseuse num\u00e9rique<\/li><li>\u00a0<\/li><\/ul>\t\t\t\t\t\t<\/div>\n\t\t\t\t<\/div>\n\t\t\t\t<div class=\"elementor-element elementor-element-7dae940 elementor-widget elementor-widget-spacer\" data-id=\"7dae940\" data-element_type=\"widget\" data-widget_type=\"spacer.default\">\n\t\t\t\t<div class=\"elementor-widget-container\">\n\t\t\t\t\t<div class=\"elementor-spacer\">\n\t\t\t<div class=\"elementor-spacer-inner\"><\/div>\n\t\t<\/div>\n\t\t\t\t<\/div>\n\t\t\t\t<\/div>\n\t\t\t\t<div class=\"elementor-element elementor-element-727f95f elementor-widget elementor-widget-wezen-block-title\" data-id=\"727f95f\" data-element_type=\"widget\" data-settings=\"{&quot;_animation&quot;:&quot;none&quot;}\" data-widget_type=\"wezen-block-title.default\">\n\t\t\t\t<div class=\"elementor-widget-container\">\n\t\t\t<div class=\"block-title\"><h2>Fabrication <\/h2><\/div>\t\t<\/div>\n\t\t\t\t<\/div>\n\t\t\t\t<div class=\"elementor-element elementor-element-ce948de elementor-widget elementor-widget-text-editor\" data-id=\"ce948de\" data-element_type=\"widget\" data-widget_type=\"text-editor.default\">\n\t\t\t\t<div class=\"elementor-widget-container\">\n\t\t\t\t\t\t\t<ul><li>Utilisation\u00a0<\/li><li>Usinage de panneaux de bois et plastiques sur fraiseuse num\u00e9rique<\/li><li>Utilisation d&rsquo;imprimantes 3D FDM<\/li><\/ul>\t\t\t\t\t\t<\/div>\n\t\t\t\t<\/div>\n\t\t\t\t<div class=\"elementor-element elementor-element-fe32463 elementor-widget elementor-widget-wezen-block-title\" data-id=\"fe32463\" data-element_type=\"widget\" data-settings=\"{&quot;_animation&quot;:&quot;none&quot;}\" data-widget_type=\"wezen-block-title.default\">\n\t\t\t\t<div class=\"elementor-widget-container\">\n\t\t\t<div class=\"block-title\"><h2>Comp\u00e9tences diverses<\/h2><\/div>\t\t<\/div>\n\t\t\t\t<\/div>\n\t\t\t\t<div class=\"elementor-element elementor-element-d3a35f3 elementor-widget elementor-widget-wezen-knowledges\" data-id=\"d3a35f3\" data-element_type=\"widget\" data-widget_type=\"wezen-knowledges.default\">\n\t\t\t\t<div class=\"elementor-widget-container\">\n\t\t\t\r\n\t\t<ul class=\"knowledges\">\r\n\t        \t\t\t\t<li>Dessin Num\u00e9rique<\/li>\r\n\t\t\t\t\t\t\t<li>WordPress<\/li>\r\n\t\t\t\t\t\t\t<li>\u00c9lectronique Analogique<\/li>\r\n\t\t\t\t\t\t\t<li>\u00c9lectronique num\u00e9rique<\/li>\r\n\t\t\t\t\t\t\t<li>Brainstorming<\/li>\r\n\t\t\t      \t<\/ul>\r\n        \t\t<\/div>\n\t\t\t\t<\/div>\n\t\t\t\t\t<\/div>\n\t\t<\/div>\n\t\t\t\t\t\t\t<\/div>\n\t\t<\/section>\n\t\t\t\t<section class=\"elementor-section elementor-top-section elementor-element elementor-element-3861fe6 elementor-section-boxed elementor-section-height-default elementor-section-height-default\" data-id=\"3861fe6\" data-element_type=\"section\">\n\t\t\t\t\t\t<div class=\"elementor-container elementor-column-gap-default\">\n\t\t\t\t\t<div class=\"elementor-column elementor-col-100 elementor-top-column elementor-element elementor-element-5725391\" data-id=\"5725391\" data-element_type=\"column\">\n\t\t\t<div class=\"elementor-widget-wrap elementor-element-populated\">\n\t\t\t\t\t\t\t\t<div class=\"elementor-element elementor-element-75a6188 elementor-widget elementor-widget-spacer\" data-id=\"75a6188\" data-element_type=\"widget\" data-widget_type=\"spacer.default\">\n\t\t\t\t<div class=\"elementor-widget-container\">\n\t\t\t\t\t<div class=\"elementor-spacer\">\n\t\t\t<div class=\"elementor-spacer-inner\"><\/div>\n\t\t<\/div>\n\t\t\t\t<\/div>\n\t\t\t\t<\/div>\n\t\t\t\t\t<\/div>\n\t\t<\/div>\n\t\t\t\t\t\t\t<\/div>\n\t\t<\/section>\n\t\t\t\t\t\t\t<\/div>","protected":false},"excerpt":{"rendered":"<p>Comp\u00e9tences logiciels Conception 3D CAD Autodesk Fusion360 Solidworks Conception 3D organique ZBrush Conception Electronique Altium Designer Proteus ISIS\/ARES Simulation Electronique LTSpice Wokwi Programmation Python C Arduino C++ C NodeRED Mod\u00e9lisation visuel DrawIO Bureautique Suite MS Office Adobe Acrobat Illustration Adobe Illustrator Photos Adobe Photoshop Comp\u00e9tences techniques Cr\u00e9ation de PCB Routage de PCB \u00e0 partir Cr\u00e9ation&#8230;<\/p>\n<p><a class=\"read-more\" href=\"https:\/\/melvyn-perard.me\/en\/competences\/\">Read More<\/a><\/p>","protected":false},"author":1,"featured_media":0,"parent":0,"menu_order":0,"comment_status":"closed","ping_status":"closed","template":"","meta":{"footnotes":""},"_links":{"self":[{"href":"https:\/\/melvyn-perard.me\/en\/wp-json\/wp\/v2\/pages\/59"}],"collection":[{"href":"https:\/\/melvyn-perard.me\/en\/wp-json\/wp\/v2\/pages"}],"about":[{"href":"https:\/\/melvyn-perard.me\/en\/wp-json\/wp\/v2\/types\/page"}],"author":[{"embeddable":true,"href":"https:\/\/melvyn-perard.me\/en\/wp-json\/wp\/v2\/users\/1"}],"replies":[{"embeddable":true,"href":"https:\/\/melvyn-perard.me\/en\/wp-json\/wp\/v2\/comments?post=59"}],"version-history":[{"count":356,"href":"https:\/\/melvyn-perard.me\/en\/wp-json\/wp\/v2\/pages\/59\/revisions"}],"predecessor-version":[{"id":1775,"href":"https:\/\/melvyn-perard.me\/en\/wp-json\/wp\/v2\/pages\/59\/revisions\/1775"}],"wp:attachment":[{"href":"https:\/\/melvyn-perard.me\/en\/wp-json\/wp\/v2\/media?parent=59"}],"curies":[{"name":"wp","href":"https:\/\/api.w.org\/{rel}","templated":true}]}}