{"id":25,"date":"2020-06-10T13:06:47","date_gmt":"2020-06-10T11:06:47","guid":{"rendered":"https:\/\/melvyn-perard.me\/?page_id=25"},"modified":"2025-01-30T08:42:00","modified_gmt":"2025-01-30T07:42:00","slug":"a-propos","status":"publish","type":"page","link":"https:\/\/melvyn-perard.me\/en\/","title":{"rendered":"About me"},"content":{"rendered":"<div data-elementor-type=\"wp-page\" data-elementor-id=\"25\" class=\"elementor elementor-25\">\n\t\t\t\t\t\t\t\t\t<section class=\"elementor-section elementor-top-section elementor-element elementor-element-6353276 elementor-section-boxed elementor-section-height-default elementor-section-height-default\" data-id=\"6353276\" data-element_type=\"section\">\n\t\t\t\t\t\t<div class=\"elementor-container elementor-column-gap-default\">\n\t\t\t\t\t<div class=\"elementor-column elementor-col-100 elementor-top-column elementor-element elementor-element-4f5cebd\" data-id=\"4f5cebd\" data-element_type=\"column\">\n\t\t\t<div class=\"elementor-widget-wrap elementor-element-populated\">\n\t\t\t\t\t\t\t\t<div class=\"elementor-element elementor-element-dfaa64a elementor-widget elementor-widget-spacer\" data-id=\"dfaa64a\" data-element_type=\"widget\" data-widget_type=\"spacer.default\">\n\t\t\t\t<div class=\"elementor-widget-container\">\n\t\t\t\t\t<div class=\"elementor-spacer\">\n\t\t\t<div class=\"elementor-spacer-inner\"><\/div>\n\t\t<\/div>\n\t\t\t\t<\/div>\n\t\t\t\t<\/div>\n\t\t\t\t<div class=\"elementor-element elementor-element-411bdb5 elementor-invisible elementor-widget elementor-widget-wezen-home-page-second\" data-id=\"411bdb5\" data-element_type=\"widget\" data-settings=\"{&quot;_animation&quot;:&quot;slideInRight&quot;,&quot;_animation_delay&quot;:0}\" data-widget_type=\"wezen-home-page-second.default\">\n\t\t\t\t<div class=\"elementor-widget-container\">\n\t\t\t\r\n\t\t<div class=\"section-content vcentered home-page-second-style\">\r\n\r\n\t\t\t<div id=\"home_content_411bdb5\" class=\"home-content\">\r\n\t\t\t    <div class=\"row flex-v-align\">\r\n\t\t\t        <div class=\"col-sm-12 col-md-6 col-lg-6\">\r\n\t\t\t            <div class=\"home-photo\">\r\n\t\t\t                <div class=\"hp-inner\" style=\"background-image: url(https:\/\/melvyn-perard.me\/wp-content\/uploads\/2025\/01\/Photo_Melvyn-scaled.jpg)\"><\/div>\r\n\t\t\t            <\/div>\r\n\t\t\t            \t\t\t            <div class=\"hp-dots\"><\/div>\r\n\t\t\t        \t\t\t\t        <\/div>\r\n\r\n\t\t\t        <div class=\"col-sm-12 col-md-6 col-lg-6\">\r\n\t\t\t            <div class=\"home-text\">\r\n\t\t\t                \t\t\t                <div class=\"owl-carousel text-rotation\">                                    \r\n\t\t\t                    \t\t\t                        <div class=\"item\">\r\n\t\t\t                            <h4>Ing\u00e9nieur en syst\u00e8mes embarqu\u00e9s<\/h4>\r\n\t\t\t                        <\/div>\r\n\t\t\t                    \t\t\t                        <div class=\"item\">\r\n\t\t\t                            <h4>Fondateur de Qunfil<\/h4>\r\n\t\t\t                        <\/div>\r\n\t\t\t                    \t\t\t                <\/div>\r\n\t\t\t                \t\t\t                <h1>Melvyn PERARD<\/h1>\r\n\t\t\t                <p>Ing\u00e9nieur dans le domaine de l'\u00e9lectronique, je suis actuellement en prestation chez l'entreprise Spherea. Je con\u00e7ois les plans de fabrications des faisceaux \u00e9lectriques pour les produits Spherea mais aussi pour les produits de nos clients. <br>\nJ'ai \u00e9galement mon entreprise Qunfil, qui recr\u00e9e des photos sous forme d'un tableau utilisant la technique du \"String Art\".   <\/p>\r\n\t\t\t                \t\t\t                   <div class=\"home-buttons\">\r\n\t\t\t                    \t\t\t\t                        <a href=\"mailto:contact@melvyn-perard.me\" target=\"yes\" class=\"btn btn-secondary\">Contactez-moi<\/a>\r\n\t\t\t                    \t\t\t\t                    <\/div>\r\n\t\t\t                    \t\t\t            <\/div>\r\n\t\t\t        <\/div>\r\n\t\t\t    <\/div>\r\n\t\t\t<\/div>\r\n\r\n        <\/div>\r\n\r\n        \t\t<\/div>\n\t\t\t\t<\/div>\n\t\t\t\t<div class=\"elementor-element elementor-element-a84f016 elementor-widget elementor-widget-spacer\" data-id=\"a84f016\" data-element_type=\"widget\" data-widget_type=\"spacer.default\">\n\t\t\t\t<div class=\"elementor-widget-container\">\n\t\t\t\t\t<div class=\"elementor-spacer\">\n\t\t\t<div class=\"elementor-spacer-inner\"><\/div>\n\t\t<\/div>\n\t\t\t\t<\/div>\n\t\t\t\t<\/div>\n\t\t\t\t\t<\/div>\n\t\t<\/div>\n\t\t\t\t\t\t\t<\/div>\n\t\t<\/section>\n\t\t\t\t<section class=\"elementor-section elementor-top-section elementor-element elementor-element-b8bd4fe elementor-section-boxed elementor-section-height-default elementor-section-height-default\" data-id=\"b8bd4fe\" data-element_type=\"section\">\n\t\t\t\t\t\t<div class=\"elementor-container elementor-column-gap-default\">\n\t\t\t\t\t<div class=\"elementor-column elementor-col-100 elementor-top-column elementor-element elementor-element-981c762\" data-id=\"981c762\" data-element_type=\"column\">\n\t\t\t<div class=\"elementor-widget-wrap elementor-element-populated\">\n\t\t\t\t\t\t\t\t<div class=\"elementor-element elementor-element-7ee6586 elementor-widget elementor-widget-spacer\" data-id=\"7ee6586\" data-element_type=\"widget\" data-widget_type=\"spacer.default\">\n\t\t\t\t<div class=\"elementor-widget-container\">\n\t\t\t\t\t<div class=\"elementor-spacer\">\n\t\t\t<div class=\"elementor-spacer-inner\"><\/div>\n\t\t<\/div>\n\t\t\t\t<\/div>\n\t\t\t\t<\/div>\n\t\t\t\t<div class=\"elementor-element elementor-element-1b0ebf6 elementor-widget elementor-widget-wezen-block-title\" data-id=\"1b0ebf6\" data-element_type=\"widget\" data-widget_type=\"wezen-block-title.default\">\n\t\t\t\t<div class=\"elementor-widget-container\">\n\t\t\t<div class=\"block-title\"><h2>Recommendations<\/h2><\/div>\t\t<\/div>\n\t\t\t\t<\/div>\n\t\t\t\t<div class=\"elementor-element elementor-element-26d3053 elementor-widget elementor-widget-spacer\" data-id=\"26d3053\" data-element_type=\"widget\" data-widget_type=\"spacer.default\">\n\t\t\t\t<div class=\"elementor-widget-container\">\n\t\t\t\t\t<div class=\"elementor-spacer\">\n\t\t\t<div class=\"elementor-spacer-inner\"><\/div>\n\t\t<\/div>\n\t\t\t\t<\/div>\n\t\t\t\t<\/div>\n\t\t\t\t\t<\/div>\n\t\t<\/div>\n\t\t\t\t\t\t\t<\/div>\n\t\t<\/section>\n\t\t\t\t<section class=\"elementor-section elementor-top-section elementor-element elementor-element-9074a1f elementor-section-boxed elementor-section-height-default elementor-section-height-default\" data-id=\"9074a1f\" data-element_type=\"section\">\n\t\t\t\t\t\t<div class=\"elementor-container elementor-column-gap-default\">\n\t\t\t\t\t<div class=\"elementor-column elementor-col-100 elementor-top-column elementor-element elementor-element-5c1d82a\" data-id=\"5c1d82a\" data-element_type=\"column\">\n\t\t\t<div class=\"elementor-widget-wrap elementor-element-populated\">\n\t\t\t\t\t\t\t\t<div class=\"elementor-element elementor-element-be6bf74 elementor-widget elementor-widget-wezen-testimonials\" data-id=\"be6bf74\" data-element_type=\"widget\" data-settings=\"{&quot;_animation&quot;:&quot;none&quot;}\" data-widget_type=\"wezen-testimonials.default\">\n\t\t\t\t<div class=\"elementor-widget-container\">\n\t\t\t<div id=\"testimonials_be6bf74\" class=\"testimonials owl-carousel loop-off autoplay-off\" data-mobile-items=\"1\" data-tablet-items=\"2\" data-items=\"2\"><div class=\"testimonial testimonial-item\">\r\n\t\t            <div class=\"testimonial-content\">\r\n\t\t                <div class=\"testimonial-picture\">\r\n\t\t\t\t\t\t\t<img decoding=\"async\" src=\"https:\/\/melvyn-perard.me\/wp-content\/uploads\/2023\/09\/telechargement-1.png\" alt=\"Hugues BRUNAULT\"\/>\r\n\t\t                <\/div>              \r\n\r\n\t\t                <div class=\"testimonial-text\">\r\n\t\t\t\t\t\t\t<p>Mr. PERARD was able to achieve all the projects entrusted to him in perfect autonomy. We are pleasantly surprised by his availability, his dynamism, his curiosity and his efficiency. He is a person who understands quickly and I can only note his evolution over this short period.\nAs a result, I enthusiastically recommend Mr. PERARD Melvyn, convinced that he will give complete satisfaction.<\/p>\r\n\t\t                <\/div>\r\n\r\n\t\t                <div class=\"testimonial-author-info\">\r\n\t\t                    <h5 class=\"testimonial-author\">Hugues BRUNAULT<\/h5>\r\n\t\t                    <p class=\"testimonial-firm\"><a href=\"https:\/\/www.brunault-rd.com\/\" target=\"_blank\">Brunault R&D, France<\/a><\/p>\r\n\t\t                <\/div>\r\n\r\n\t\t                <div class=\"testimonial-icon\">\r\n\t\t                    <i class=\"fa fa-quote-left\"><\/i>\r\n\t\t                <\/div>\r\n\r\n\t\t                 <div class=\"testimonial-icon-big\">\r\n\t\t                    <i class=\"fa fa-quote-right\"><\/i>\r\n\t\t                <\/div>\r\n\t\t            <\/div>\r\n\t\t        <\/div><div class=\"testimonial testimonial-item\">\r\n\t\t            <div class=\"testimonial-content\">\r\n\t\t                <div class=\"testimonial-picture\">\r\n\t\t\t\t\t\t\t<img decoding=\"async\" src=\"https:\/\/melvyn-perard.me\/wp-content\/uploads\/2023\/09\/unnamed.jpg\" alt=\"Raja\u00e2 NOUALI\"\/>\r\n\t\t                <\/div>              \r\n\r\n\t\t                <div class=\"testimonial-text\">\r\n\t\t\t\t\t\t\t<p>Curious by nature, he was able to take an interest in the different projects of the FabLab, to guide and help the\nmembers in the realization of their creations [...]. Melvyn is a resource person for us at the FabLab, he is responsible and knows how to take\nHe is responsible and knows how to take initiative by setting himself challenges that he is not afraid to take on.\nI am convinced of his potential.<\/p>\r\n\t\t                <\/div>\r\n\r\n\t\t                <div class=\"testimonial-author-info\">\r\n\t\t                    <h5 class=\"testimonial-author\">Raja\u00e2 NOUALI<\/h5>\r\n\t\t                    <p class=\"testimonial-firm\"><a href=\"https:\/\/lefablab.fr\" target=\"_blank\">Le FabLab de N\u00eemes, France<\/a><\/p>\r\n\t\t                <\/div>\r\n\r\n\t\t                <div class=\"testimonial-icon\">\r\n\t\t                    <i class=\"fa fa-quote-left\"><\/i>\r\n\t\t                <\/div>\r\n\r\n\t\t                 <div class=\"testimonial-icon-big\">\r\n\t\t                    <i class=\"fa fa-quote-right\"><\/i>\r\n\t\t                <\/div>\r\n\t\t            <\/div>\r\n\t\t        <\/div><div class=\"testimonial testimonial-item\">\r\n\t\t            <div class=\"testimonial-content\">\r\n\t\t                <div class=\"testimonial-picture\">\r\n\t\t\t\t\t\t\t<img decoding=\"async\" src=\"https:\/\/www.ceitec.eu\/data\/documents\/images\/thumb\/48572-navrh-bez-nazvu-14-220x180-c8.jpeg\" alt=\"Zdenek HAVRANEK\"\/>\r\n\t\t                <\/div>              \r\n\r\n\t\t                <div class=\"testimonial-text\">\r\n\t\t\t\t\t\t\t<p>Melvyn was interested in understanding all the topics that were covered during the internship [\u2026]. He was able to discuss the topics, argue his opinions and find a solution to the given problems and achieve the set goal. He was able to communicate without inhibitions with all team members of the Laboratory of Smart sensors [\u2026]. He was personally interested in learning new things. It was pleasant to work with him.<\/p>\r\n\t\t                <\/div>\r\n\r\n\t\t                <div class=\"testimonial-author-info\">\r\n\t\t                    <h5 class=\"testimonial-author\">Zdenek HAVRANEK<\/h5>\r\n\t\t                    <p class=\"testimonial-firm\"><a href=\"https:\/\/www.ceitec.eu\/ceitec-but\/i2\" target=\"_blank\">CEITEC BUT, Tch\u00e9quie<\/a><\/p>\r\n\t\t                <\/div>\r\n\r\n\t\t                <div class=\"testimonial-icon\">\r\n\t\t                    <i class=\"fa fa-quote-left\"><\/i>\r\n\t\t                <\/div>\r\n\r\n\t\t                 <div class=\"testimonial-icon-big\">\r\n\t\t                    <i class=\"fa fa-quote-right\"><\/i>\r\n\t\t                <\/div>\r\n\t\t            <\/div>\r\n\t\t        <\/div><\/div>\t\t<\/div>\n\t\t\t\t<\/div>\n\t\t\t\t\t<\/div>\n\t\t<\/div>\n\t\t\t\t\t\t\t<\/div>\n\t\t<\/section>\n\t\t\t\t<section class=\"elementor-section elementor-top-section elementor-element elementor-element-4ce8422 elementor-section-boxed elementor-section-height-default elementor-section-height-default\" data-id=\"4ce8422\" data-element_type=\"section\">\n\t\t\t\t\t\t<div class=\"elementor-container elementor-column-gap-default\">\n\t\t\t\t\t<div class=\"elementor-column elementor-col-100 elementor-top-column elementor-element elementor-element-d3a72f9\" data-id=\"d3a72f9\" data-element_type=\"column\">\n\t\t\t<div class=\"elementor-widget-wrap elementor-element-populated\">\n\t\t\t\t\t\t\t\t<div class=\"elementor-element elementor-element-ca721ea elementor-widget elementor-widget-spacer\" data-id=\"ca721ea\" data-element_type=\"widget\" data-widget_type=\"spacer.default\">\n\t\t\t\t<div class=\"elementor-widget-container\">\n\t\t\t\t\t<div class=\"elementor-spacer\">\n\t\t\t<div class=\"elementor-spacer-inner\"><\/div>\n\t\t<\/div>\n\t\t\t\t<\/div>\n\t\t\t\t<\/div>\n\t\t\t\t<div class=\"elementor-element elementor-element-40ea611 elementor-widget elementor-widget-wezen-block-title\" data-id=\"40ea611\" data-element_type=\"widget\" data-widget_type=\"wezen-block-title.default\">\n\t\t\t\t<div class=\"elementor-widget-container\">\n\t\t\t<div class=\"block-title\"><h2>My personality<\/h2><\/div>\t\t<\/div>\n\t\t\t\t<\/div>\n\t\t\t\t<div class=\"elementor-element elementor-element-e43edaf elementor-widget elementor-widget-spacer\" data-id=\"e43edaf\" data-element_type=\"widget\" data-widget_type=\"spacer.default\">\n\t\t\t\t<div class=\"elementor-widget-container\">\n\t\t\t\t\t<div class=\"elementor-spacer\">\n\t\t\t<div class=\"elementor-spacer-inner\"><\/div>\n\t\t<\/div>\n\t\t\t\t<\/div>\n\t\t\t\t<\/div>\n\t\t\t\t\t<\/div>\n\t\t<\/div>\n\t\t\t\t\t\t\t<\/div>\n\t\t<\/section>\n\t\t\t\t<section class=\"elementor-section elementor-top-section elementor-element elementor-element-2810c44 elementor-section-boxed elementor-section-height-default elementor-section-height-default\" data-id=\"2810c44\" data-element_type=\"section\">\n\t\t\t\t\t\t<div class=\"elementor-container elementor-column-gap-default\">\n\t\t\t\t\t<div class=\"elementor-column elementor-col-50 elementor-top-column elementor-element elementor-element-742ee06\" data-id=\"742ee06\" data-element_type=\"column\">\n\t\t\t<div class=\"elementor-widget-wrap elementor-element-populated\">\n\t\t\t\t\t\t\t\t<div class=\"elementor-element elementor-element-31d9f34 elementor-widget elementor-widget-wezen-service\" data-id=\"31d9f34\" data-element_type=\"widget\" data-widget_type=\"wezen-service.default\">\n\t\t\t\t<div class=\"elementor-widget-container\">\n\t\t\t\r\n\t\t<div class=\"info-list-w-icon\">\r\n\t\t\t<div class=\"info-block-w-icon\">\r\n\t\t\t\t<div class=\"ci-icon\">\r\n\t\t\t\t\t<i aria-hidden=\"true\" class=\"far fa-lightbulb\"><\/i>\t\t\t\t<\/div>\r\n\t\t\t\t<div class=\"ci-text\">\r\n\t\t\t\t\t<h4>Creative<\/h4>\r\n\t\t\t\t\t<p>J'ai un esprit cr\u00e9atif et j'aime les r\u00e9alisations manuelles. Je suis capable de visualiser les choses dans ma t\u00eate et de les reporter sur le papier.<\/p>\r\n\t\t\t\t<\/div>\r\n\t\t\t<\/div>\r\n\t\t<\/div>\r\n\r\n\t\t\t\t<\/div>\n\t\t\t\t<\/div>\n\t\t\t\t<div class=\"elementor-element elementor-element-5fb44c4 elementor-widget elementor-widget-wezen-service\" data-id=\"5fb44c4\" data-element_type=\"widget\" data-widget_type=\"wezen-service.default\">\n\t\t\t\t<div class=\"elementor-widget-container\">\n\t\t\t\r\n\t\t<div class=\"info-list-w-icon\">\r\n\t\t\t<div class=\"info-block-w-icon\">\r\n\t\t\t\t<div class=\"ci-icon\">\r\n\t\t\t\t\t<i aria-hidden=\"true\" class=\"lnr lnr-user\"><\/i>\t\t\t\t<\/div>\r\n\t\t\t\t<div class=\"ci-text\">\r\n\t\t\t\t\t<h4>Autonomous<\/h4>\r\n\t\t\t\t\t<p>Je sais me d\u00e9brouiller seul. J'essaie de r\u00e9gler les probl\u00e8mes par moi m\u00eame avant de solliciter une personne. <\/p>\r\n\t\t\t\t<\/div>\r\n\t\t\t<\/div>\r\n\t\t<\/div>\r\n\r\n\t\t\t\t<\/div>\n\t\t\t\t<\/div>\n\t\t\t\t<div class=\"elementor-element elementor-element-ed716e7 elementor-widget elementor-widget-wezen-service\" data-id=\"ed716e7\" data-element_type=\"widget\" data-widget_type=\"wezen-service.default\">\n\t\t\t\t<div class=\"elementor-widget-container\">\n\t\t\t\r\n\t\t<div class=\"info-list-w-icon\">\r\n\t\t\t<div class=\"info-block-w-icon\">\r\n\t\t\t\t<div class=\"ci-icon\">\r\n\t\t\t\t\t<i aria-hidden=\"true\" class=\"lnr lnr-volume-high\"><\/i>\t\t\t\t<\/div>\r\n\t\t\t\t<div class=\"ci-text\">\r\n\t\t\t\t\t<h4>Communicant <\/h4>\r\n\t\t\t\t\t<p>Je suis une personne qui est \u00e0 l'aise pour discuter avec des nouveaux interlocuteurs, qu'ils soient peu ou nombreux.<\/p>\r\n\t\t\t\t<\/div>\r\n\t\t\t<\/div>\r\n\t\t<\/div>\r\n\r\n\t\t\t\t<\/div>\n\t\t\t\t<\/div>\n\t\t\t\t\t<\/div>\n\t\t<\/div>\n\t\t\t\t<div class=\"elementor-column elementor-col-50 elementor-top-column elementor-element elementor-element-09a986a\" data-id=\"09a986a\" data-element_type=\"column\">\n\t\t\t<div class=\"elementor-widget-wrap elementor-element-populated\">\n\t\t\t\t\t\t\t\t<div class=\"elementor-element elementor-element-aadc7bf elementor-widget elementor-widget-wezen-service\" data-id=\"aadc7bf\" data-element_type=\"widget\" data-widget_type=\"wezen-service.default\">\n\t\t\t\t<div class=\"elementor-widget-container\">\n\t\t\t\r\n\t\t<div class=\"info-list-w-icon\">\r\n\t\t\t<div class=\"info-block-w-icon\">\r\n\t\t\t\t<div class=\"ci-icon\">\r\n\t\t\t\t\t<i aria-hidden=\"true\" class=\"lnr lnr-pencil\"><\/i>\t\t\t\t<\/div>\r\n\t\t\t\t<div class=\"ci-text\">\r\n\t\t\t\t\t<h4>Versatile<\/h4>\r\n\t\t\t\t\t<p>I like to diversify and multitask in many areas, whether they are related or not. Furthermore, I can adapt to any task\/work.<\/p>\r\n\t\t\t\t<\/div>\r\n\t\t\t<\/div>\r\n\t\t<\/div>\r\n\r\n\t\t\t\t<\/div>\n\t\t\t\t<\/div>\n\t\t\t\t<div class=\"elementor-element elementor-element-3c86a6e elementor-widget elementor-widget-wezen-service\" data-id=\"3c86a6e\" data-element_type=\"widget\" data-widget_type=\"wezen-service.default\">\n\t\t\t\t<div class=\"elementor-widget-container\">\n\t\t\t\r\n\t\t<div class=\"info-list-w-icon\">\r\n\t\t\t<div class=\"info-block-w-icon\">\r\n\t\t\t\t<div class=\"ci-icon\">\r\n\t\t\t\t\t<i aria-hidden=\"true\" class=\"lnr lnr-eye\"><\/i>\t\t\t\t<\/div>\r\n\t\t\t\t<div class=\"ci-text\">\r\n\t\t\t\t\t<h4>Curious<\/h4>\r\n\t\t\t\t\t<p>Being curious is a must for me. I learn about everything because I need to understand before doing things.<\/p>\r\n\t\t\t\t<\/div>\r\n\t\t\t<\/div>\r\n\t\t<\/div>\r\n\r\n\t\t\t\t<\/div>\n\t\t\t\t<\/div>\n\t\t\t\t<div class=\"elementor-element elementor-element-a9ce931 elementor-widget elementor-widget-wezen-service\" data-id=\"a9ce931\" data-element_type=\"widget\" data-widget_type=\"wezen-service.default\">\n\t\t\t\t<div class=\"elementor-widget-container\">\n\t\t\t\r\n\t\t<div class=\"info-list-w-icon\">\r\n\t\t\t<div class=\"info-block-w-icon\">\r\n\t\t\t\t<div class=\"ci-icon\">\r\n\t\t\t\t\t<i aria-hidden=\"true\" class=\"lnr lnr-flag\"><\/i>\t\t\t\t<\/div>\r\n\t\t\t\t<div class=\"ci-text\">\r\n\t\t\t\t\t<h4>Autodidacte <\/h4>\r\n\t\t\t\t\t<p>Je suis capable de me former en total autonomie. J'utilise les ressources pr\u00e9sentes sur internet pour apprendre \u00e0 utiliser des outils, logiciels mais aussi machines.  <\/p>\r\n\t\t\t\t<\/div>\r\n\t\t\t<\/div>\r\n\t\t<\/div>\r\n\r\n\t\t\t\t<\/div>\n\t\t\t\t<\/div>\n\t\t\t\t\t<\/div>\n\t\t<\/div>\n\t\t\t\t\t\t\t<\/div>\n\t\t<\/section>\n\t\t\t\t\t\t\t<\/div>","protected":false},"excerpt":{"rendered":"<p>Ing\u00e9nieur en syst\u00e8mes embarqu\u00e9s Fondateur de Qunfil Melvyn PERARD Ing\u00e9nieur dans le domaine de l&rsquo;\u00e9lectronique, je suis actuellement en prestation chez l&rsquo;entreprise Spherea. Je con\u00e7ois les plans de fabrications des faisceaux \u00e9lectriques pour les produits Spherea mais aussi pour les produits de nos clients. J&rsquo;ai \u00e9galement mon entreprise Qunfil, qui recr\u00e9e des photos sous forme&#8230;<\/p>\n<p><a class=\"read-more\" href=\"https:\/\/melvyn-perard.me\/en\/\">Read More<\/a><\/p>","protected":false},"author":1,"featured_media":0,"parent":0,"menu_order":0,"comment_status":"closed","ping_status":"closed","template":"","meta":{"footnotes":""},"_links":{"self":[{"href":"https:\/\/melvyn-perard.me\/en\/wp-json\/wp\/v2\/pages\/25"}],"collection":[{"href":"https:\/\/melvyn-perard.me\/en\/wp-json\/wp\/v2\/pages"}],"about":[{"href":"https:\/\/melvyn-perard.me\/en\/wp-json\/wp\/v2\/types\/page"}],"author":[{"embeddable":true,"href":"https:\/\/melvyn-perard.me\/en\/wp-json\/wp\/v2\/users\/1"}],"replies":[{"embeddable":true,"href":"https:\/\/melvyn-perard.me\/en\/wp-json\/wp\/v2\/comments?post=25"}],"version-history":[{"count":184,"href":"https:\/\/melvyn-perard.me\/en\/wp-json\/wp\/v2\/pages\/25\/revisions"}],"predecessor-version":[{"id":1824,"href":"https:\/\/melvyn-perard.me\/en\/wp-json\/wp\/v2\/pages\/25\/revisions\/1824"}],"wp:attachment":[{"href":"https:\/\/melvyn-perard.me\/en\/wp-json\/wp\/v2\/media?parent=25"}],"curies":[{"name":"wp","href":"https:\/\/api.w.org\/{rel}","templated":true}]}}