{"id":223,"date":"2020-12-03T08:03:39","date_gmt":"2020-12-03T07:03:39","guid":{"rendered":"https:\/\/melvyn-perard.me\/?page_id=223"},"modified":"2023-09-13T13:50:07","modified_gmt":"2023-09-13T11:50:07","slug":"projets","status":"publish","type":"page","link":"https:\/\/melvyn-perard.me\/en\/projets\/","title":{"rendered":"My projects"},"content":{"rendered":"<div data-elementor-type=\"wp-page\" data-elementor-id=\"223\" class=\"elementor elementor-223\">\n\t\t\t\t\t\t\t\t\t<section class=\"elementor-section elementor-top-section elementor-element elementor-element-c2bd1c1 elementor-section-boxed elementor-section-height-default elementor-section-height-default\" data-id=\"c2bd1c1\" data-element_type=\"section\">\n\t\t\t\t\t\t<div class=\"elementor-container elementor-column-gap-default\">\n\t\t\t\t\t<div class=\"elementor-column elementor-col-100 elementor-top-column elementor-element elementor-element-4271281\" data-id=\"4271281\" data-element_type=\"column\">\n\t\t\t<div class=\"elementor-widget-wrap elementor-element-populated\">\n\t\t\t\t\t\t\t\t<div class=\"elementor-element elementor-element-4d88834 elementor-widget elementor-widget-wezen-portfolio\" data-id=\"4d88834\" data-element_type=\"widget\" data-widget_type=\"wezen-portfolio.default\">\n\t\t\t\t<div class=\"elementor-widget-container\">\n\t\t\t                        \r\n\t\t    <!-- Portfolio Content -->\r\n\t\t    <div id=\"portfolio_content_4d88834\" class=\"portfolio-content\" data-categories=\"9,5,14,15,8,3,7,4\">\r\n\r\n\t\t        \t\t            <ul class=\"portfolio-filters\">\r\n\t\t                <li class=\"active\">\r\n\t\t                    <a class=\"filter btn btn-sm btn-link\" data-group=\"category_all\" data-catid=\"9,5,14,15,8,3,7,4\">All<\/a>\r\n\t\t                <\/li>\r\n\t\t                \t\t                    <li>\r\n\t\t                        <a class=\"filter btn btn-sm btn-link\" data-group=\"category_personels\" data-catid=\"14\">Projets personnels<\/a>\r\n\t\t                    <\/li>\r\n\t\t                \t\t                    <li>\r\n\t\t                        <a class=\"filter btn btn-sm btn-link\" data-group=\"category_professionnels\" data-catid=\"15\">Projets professionnels<\/a>\r\n\t\t                    <\/li>\r\n\t\t                \t\t            <\/ul>\r\n\t\t        \r\n\t\t        \r\n\t\t        <!-- Portfolio Grid -->\r\n\t\t        <div class=\"portfolio-grid four-columns\" data-pages-num=\"0\">\r\n\r\n\t\t        \t\t                        <!-- Portfolio Item 1159 -->\r\n\t\t                        <figure class=\"item standard\" data-groups='[\"category_all\", &quot;category_personels&quot;]'>\r\n\t\t                        \t  \r\n\t\t                                        \t\t                                        <a href=\"https:\/\/melvyn-perard.me\/en\/project\/qunfil\/\">\r\n\t\t                                        \t\t                                    \t\t\t                            <div class=\"portfolio-item-img\">\r\n\t\t\t                            <img width=\"1080\" height=\"608\" src=\"https:\/\/melvyn-perard.me\/wp-content\/uploads\/2022\/02\/Logo-Text-Insta.png\" class=\"attachment-portfolio-image-four-c size-portfolio-image-four-c wp-post-image\" alt=\"Qunfil\" decoding=\"async\" title=\"\" srcset=\"https:\/\/melvyn-perard.me\/wp-content\/uploads\/2022\/02\/Logo-Text-Insta.png 1080w, https:\/\/melvyn-perard.me\/wp-content\/uploads\/2022\/02\/Logo-Text-Insta-300x169.png 300w, https:\/\/melvyn-perard.me\/wp-content\/uploads\/2022\/02\/Logo-Text-Insta-1024x576.png 1024w, https:\/\/melvyn-perard.me\/wp-content\/uploads\/2022\/02\/Logo-Text-Insta-768x432.png 768w\" sizes=\"(max-width: 768px) 92vw, (max-width: 992px) 290px, (max-width: 1200px) 290px, 22vw\" \/>\r\n\t\t\t                            <!-- \/Image -->\r\n\t\t\t                            <\/div>\r\n\r\n\t\t\t                            <div class=\"project-desc\">\r\n\t\t\t                            \t<div class=\"project-desc-text\">\r\n\t\t\t\t\t                            <h4 class=\"name\">Qunfil<\/h4>\r\n\t\t\t\t\t                            <span class=\"category\">Projets personnels<\/span>\r\n\t\t\t\t                        \t<\/div>\r\n\t\t\t\t                        <\/div>\r\n\t\t\t                    \t<\/a>\r\n\t\t                        <\/figure>\r\n\t\t                        <!-- \/Portfolio Item 1159 -->\r\n\t\t                    \t\t                        <!-- Portfolio Item 337 -->\r\n\t\t                        <figure class=\"item standard\" data-groups='[\"category_all\", &quot;category_personels&quot;]'>\r\n\t\t                        \t  \r\n\t\t                                        \t\t                                        <a href=\"https:\/\/melvyn-perard.me\/en\/project\/lampe\/\">\r\n\t\t                                        \t\t                                    \t\t\t                            <div class=\"portfolio-item-img\">\r\n\t\t\t                            <img width=\"562\" height=\"1000\" src=\"https:\/\/melvyn-perard.me\/wp-content\/uploads\/2021\/04\/bouteille_gif.gif\" class=\"attachment-portfolio-image-four-c size-portfolio-image-four-c wp-post-image\" alt=\"Lampe r\u00e9agissant \u00e0 la musique\" decoding=\"async\" title=\"\" sizes=\"(max-width: 768px) 92vw, (max-width: 992px) 290px, (max-width: 1200px) 290px, 22vw\" \/>\r\n\t\t\t                            <!-- \/Image -->\r\n\t\t\t                            <\/div>\r\n\r\n\t\t\t                            <div class=\"project-desc\">\r\n\t\t\t                            \t<div class=\"project-desc-text\">\r\n\t\t\t\t\t                            <h4 class=\"name\">Lamp reacting to music<\/h4>\r\n\t\t\t\t\t                            <span class=\"category\">Projets personnels<\/span>\r\n\t\t\t\t                        \t<\/div>\r\n\t\t\t\t                        <\/div>\r\n\t\t\t                    \t<\/a>\r\n\t\t                        <\/figure>\r\n\t\t                        <!-- \/Portfolio Item 337 -->\r\n\t\t                    \t\t                        <!-- Portfolio Item 590 -->\r\n\t\t                        <figure class=\"item standard\" data-groups='[\"category_all\", &quot;category_professionnels&quot;]'>\r\n\t\t                        \t  \r\n\t\t                                        \t\t                                        <a href=\"https:\/\/melvyn-perard.me\/en\/project\/polargraph\/\">\r\n\t\t                                        \t\t                                    \t\t\t                            <div class=\"portfolio-item-img\">\r\n\t\t\t                            <img width=\"1181\" height=\"2560\" src=\"https:\/\/melvyn-perard.me\/wp-content\/uploads\/2021\/04\/polargraph_crop-scaled.jpg\" class=\"attachment-portfolio-image-four-c size-portfolio-image-four-c wp-post-image\" alt=\"Polargraph\" decoding=\"async\" title=\"\" srcset=\"https:\/\/melvyn-perard.me\/wp-content\/uploads\/2021\/04\/polargraph_crop-scaled.jpg 1181w, https:\/\/melvyn-perard.me\/wp-content\/uploads\/2021\/04\/polargraph_crop-138x300.jpg 138w, https:\/\/melvyn-perard.me\/wp-content\/uploads\/2021\/04\/polargraph_crop-473x1024.jpg 473w, https:\/\/melvyn-perard.me\/wp-content\/uploads\/2021\/04\/polargraph_crop-768x1664.jpg 768w, https:\/\/melvyn-perard.me\/wp-content\/uploads\/2021\/04\/polargraph_crop-709x1536.jpg 709w, https:\/\/melvyn-perard.me\/wp-content\/uploads\/2021\/04\/polargraph_crop-945x2048.jpg 945w\" sizes=\"(max-width: 768px) 92vw, (max-width: 992px) 290px, (max-width: 1200px) 290px, 22vw\" \/>\r\n\t\t\t                            <!-- \/Image -->\r\n\t\t\t                            <\/div>\r\n\r\n\t\t\t                            <div class=\"project-desc\">\r\n\t\t\t                            \t<div class=\"project-desc-text\">\r\n\t\t\t\t\t                            <h4 class=\"name\">Polargraph<\/h4>\r\n\t\t\t\t\t                            <span class=\"category\">Projets professionnels<\/span>\r\n\t\t\t\t                        \t<\/div>\r\n\t\t\t\t                        <\/div>\r\n\t\t\t                    \t<\/a>\r\n\t\t                        <\/figure>\r\n\t\t                        <!-- \/Portfolio Item 590 -->\r\n\t\t                    \t\t                        <!-- Portfolio Item 563 -->\r\n\t\t                        <figure class=\"item standard\" data-groups='[\"category_all\", &quot;category_professionnels&quot;]'>\r\n\t\t                        \t  \r\n\t\t                                        \t\t                                        <a href=\"https:\/\/melvyn-perard.me\/en\/project\/ballon-sonde\/\">\r\n\t\t                                        \t\t                                    \t\t\t                            <div class=\"portfolio-item-img\">\r\n\t\t\t                            <img width=\"769\" height=\"764\" src=\"https:\/\/melvyn-perard.me\/wp-content\/uploads\/2021\/04\/ballon_sonde.jpg\" class=\"attachment-portfolio-image-four-c size-portfolio-image-four-c wp-post-image\" alt=\"Ballon Sonde\" decoding=\"async\" title=\"\" srcset=\"https:\/\/melvyn-perard.me\/wp-content\/uploads\/2021\/04\/ballon_sonde.jpg 769w, https:\/\/melvyn-perard.me\/wp-content\/uploads\/2021\/04\/ballon_sonde-300x298.jpg 300w, https:\/\/melvyn-perard.me\/wp-content\/uploads\/2021\/04\/ballon_sonde-150x150.jpg 150w\" sizes=\"(max-width: 768px) 92vw, (max-width: 992px) 290px, (max-width: 1200px) 290px, 22vw\" \/>\r\n\t\t\t                            <!-- \/Image -->\r\n\t\t\t                            <\/div>\r\n\r\n\t\t\t                            <div class=\"project-desc\">\r\n\t\t\t                            \t<div class=\"project-desc-text\">\r\n\t\t\t\t\t                            <h4 class=\"name\">Balloon Probe<\/h4>\r\n\t\t\t\t\t                            <span class=\"category\">Projets professionnels<\/span>\r\n\t\t\t\t                        \t<\/div>\r\n\t\t\t\t                        <\/div>\r\n\t\t\t                    \t<\/a>\r\n\t\t                        <\/figure>\r\n\t\t                        <!-- \/Portfolio Item 563 -->\r\n\t\t                    \t\t                        <!-- Portfolio Item 99 -->\r\n\t\t                        <figure class=\"item standard\" data-groups='[\"category_all\", &quot;category_personels&quot;]'>\r\n\t\t                        \t  \r\n\t\t                                        \t\t                                        <a href=\"https:\/\/melvyn-perard.me\/en\/project\/logo-moh\/\" class=\"ajax-page-load\">\r\n\t\t                                        \t\t                                    \t\t\t                            <div class=\"portfolio-item-img\">\r\n\t\t\t                            <img width=\"2560\" height=\"1440\" src=\"https:\/\/melvyn-perard.me\/wp-content\/uploads\/2021\/04\/crane_moh_fini_crop-scaled.jpg\" class=\"attachment-portfolio-image-four-c size-portfolio-image-four-c wp-post-image\" alt=\"Logo festival de musique\" decoding=\"async\" title=\"\" srcset=\"https:\/\/melvyn-perard.me\/wp-content\/uploads\/2021\/04\/crane_moh_fini_crop-scaled.jpg 2560w, https:\/\/melvyn-perard.me\/wp-content\/uploads\/2021\/04\/crane_moh_fini_crop-300x169.jpg 300w, https:\/\/melvyn-perard.me\/wp-content\/uploads\/2021\/04\/crane_moh_fini_crop-1024x576.jpg 1024w, https:\/\/melvyn-perard.me\/wp-content\/uploads\/2021\/04\/crane_moh_fini_crop-768x432.jpg 768w, https:\/\/melvyn-perard.me\/wp-content\/uploads\/2021\/04\/crane_moh_fini_crop-1536x864.jpg 1536w, https:\/\/melvyn-perard.me\/wp-content\/uploads\/2021\/04\/crane_moh_fini_crop-2048x1152.jpg 2048w\" sizes=\"(max-width: 768px) 92vw, (max-width: 992px) 290px, (max-width: 1200px) 290px, 22vw\" \/>\r\n\t\t\t                            <!-- \/Image -->\r\n\t\t\t                            <\/div>\r\n\r\n\t\t\t                            <div class=\"project-desc\">\r\n\t\t\t                            \t<div class=\"project-desc-text\">\r\n\t\t\t\t\t                            <h4 class=\"name\">Music festival logo<\/h4>\r\n\t\t\t\t\t                            <span class=\"category\">Projets personnels<\/span>\r\n\t\t\t\t                        \t<\/div>\r\n\t\t\t\t                        <\/div>\r\n\t\t\t                    \t<\/a>\r\n\t\t                        <\/figure>\r\n\t\t                        <!-- \/Portfolio Item 99 -->\r\n\t\t                    \t\t                        <!-- Portfolio Item 408 -->\r\n\t\t                        <figure class=\"item standard\" data-groups='[\"category_all\", &quot;category_personels&quot;]'>\r\n\t\t                        \t  \r\n\t\t                                        \t\t                                        <a href=\"https:\/\/melvyn-perard.me\/en\/project\/dali-string-art\/\">\r\n\t\t                                        \t\t                                    \t\t\t                            <div class=\"portfolio-item-img\">\r\n\t\t\t                            <img width=\"1920\" height=\"2560\" src=\"https:\/\/melvyn-perard.me\/wp-content\/uploads\/2021\/04\/dali_proche_cropjpg-scaled.jpg\" class=\"attachment-portfolio-image-four-c size-portfolio-image-four-c wp-post-image\" alt=\"Portrait Salvador Dal\u00ed string Art\" decoding=\"async\" title=\"\" srcset=\"https:\/\/melvyn-perard.me\/wp-content\/uploads\/2021\/04\/dali_proche_cropjpg-scaled.jpg 1920w, https:\/\/melvyn-perard.me\/wp-content\/uploads\/2021\/04\/dali_proche_cropjpg-225x300.jpg 225w, https:\/\/melvyn-perard.me\/wp-content\/uploads\/2021\/04\/dali_proche_cropjpg-768x1024.jpg 768w, https:\/\/melvyn-perard.me\/wp-content\/uploads\/2021\/04\/dali_proche_cropjpg-1152x1536.jpg 1152w, https:\/\/melvyn-perard.me\/wp-content\/uploads\/2021\/04\/dali_proche_cropjpg-1536x2048.jpg 1536w\" sizes=\"(max-width: 768px) 92vw, (max-width: 992px) 290px, (max-width: 1200px) 290px, 22vw\" \/>\r\n\t\t\t                            <!-- \/Image -->\r\n\t\t\t                            <\/div>\r\n\r\n\t\t\t                            <div class=\"project-desc\">\r\n\t\t\t                            \t<div class=\"project-desc-text\">\r\n\t\t\t\t\t                            <h4 class=\"name\">Salvador Dal\u00ed String Art Portrait<\/h4>\r\n\t\t\t\t\t                            <span class=\"category\">Projets personnels<\/span>\r\n\t\t\t\t                        \t<\/div>\r\n\t\t\t\t                        <\/div>\r\n\t\t\t                    \t<\/a>\r\n\t\t                        <\/figure>\r\n\t\t                        <!-- \/Portfolio Item 408 -->\r\n\t\t                    \t\t                        <!-- Portfolio Item 90 -->\r\n\t\t                        <figure class=\"item standard\" data-groups='[\"category_all\", &quot;category_personels&quot;]'>\r\n\t\t                        \t  \r\n\t\t                                        \t\t                                        <a href=\"https:\/\/melvyn-perard.me\/en\/project\/string-art-machine\/\">\r\n\t\t                                        \t\t                                    \t\t\t                            <div class=\"portfolio-item-img\">\r\n\t\t\t                            <img width=\"2560\" height=\"1422\" src=\"https:\/\/melvyn-perard.me\/wp-content\/uploads\/2021\/04\/machine_crop-scaled.jpg\" class=\"attachment-portfolio-image-four-c size-portfolio-image-four-c wp-post-image\" alt=\"String Art Machine\" decoding=\"async\" title=\"\" srcset=\"https:\/\/melvyn-perard.me\/wp-content\/uploads\/2021\/04\/machine_crop-scaled.jpg 2560w, https:\/\/melvyn-perard.me\/wp-content\/uploads\/2021\/04\/machine_crop-300x167.jpg 300w, https:\/\/melvyn-perard.me\/wp-content\/uploads\/2021\/04\/machine_crop-1024x569.jpg 1024w, https:\/\/melvyn-perard.me\/wp-content\/uploads\/2021\/04\/machine_crop-768x427.jpg 768w, https:\/\/melvyn-perard.me\/wp-content\/uploads\/2021\/04\/machine_crop-1536x853.jpg 1536w, https:\/\/melvyn-perard.me\/wp-content\/uploads\/2021\/04\/machine_crop-2048x1138.jpg 2048w\" sizes=\"(max-width: 768px) 92vw, (max-width: 992px) 290px, (max-width: 1200px) 290px, 22vw\" \/>\r\n\t\t\t                            <!-- \/Image -->\r\n\t\t\t                            <\/div>\r\n\r\n\t\t\t                            <div class=\"project-desc\">\r\n\t\t\t                            \t<div class=\"project-desc-text\">\r\n\t\t\t\t\t                            <h4 class=\"name\">String Art Machine<\/h4>\r\n\t\t\t\t\t                            <span class=\"category\">Projets personnels<\/span>\r\n\t\t\t\t                        \t<\/div>\r\n\t\t\t\t                        <\/div>\r\n\t\t\t                    \t<\/a>\r\n\t\t                        <\/figure>\r\n\t\t                        <!-- \/Portfolio Item 90 -->\r\n\t\t                    \t\t        <\/div>\r\n\t\t        \t\t    <\/div>\r\n\t\t\t\t<\/div>\n\t\t\t\t<\/div>\n\t\t\t\t\t<\/div>\n\t\t<\/div>\n\t\t\t\t\t\t\t<\/div>\n\t\t<\/section>\n\t\t\t\t\t\t\t<\/div>","protected":false},"excerpt":{"rendered":"<p>All D\u00e9tails Qunfil D\u00e9tails Lampe r\u00e9agissant \u00e0 la musique D\u00e9tails Polargraph D\u00e9tails Ballon Sonde D\u00e9tails Logo festival de musique D\u00e9tails Portrait Salvador Dal\u00ed string Art D\u00e9tails String Art Machine D\u00e9tails<\/p>","protected":false},"author":1,"featured_media":0,"parent":0,"menu_order":0,"comment_status":"closed","ping_status":"closed","template":"","meta":{"footnotes":""},"_links":{"self":[{"href":"https:\/\/melvyn-perard.me\/en\/wp-json\/wp\/v2\/pages\/223"}],"collection":[{"href":"https:\/\/melvyn-perard.me\/en\/wp-json\/wp\/v2\/pages"}],"about":[{"href":"https:\/\/melvyn-perard.me\/en\/wp-json\/wp\/v2\/types\/page"}],"author":[{"embeddable":true,"href":"https:\/\/melvyn-perard.me\/en\/wp-json\/wp\/v2\/users\/1"}],"replies":[{"embeddable":true,"href":"https:\/\/melvyn-perard.me\/en\/wp-json\/wp\/v2\/comments?post=223"}],"version-history":[{"count":36,"href":"https:\/\/melvyn-perard.me\/en\/wp-json\/wp\/v2\/pages\/223\/revisions"}],"predecessor-version":[{"id":1466,"href":"https:\/\/melvyn-perard.me\/en\/wp-json\/wp\/v2\/pages\/223\/revisions\/1466"}],"wp:attachment":[{"href":"https:\/\/melvyn-perard.me\/en\/wp-json\/wp\/v2\/media?parent=223"}],"curies":[{"name":"wp","href":"https:\/\/api.w.org\/{rel}","templated":true}]}}